{"id":3598,"date":"2024-08-08T06:14:05","date_gmt":"2024-08-08T05:14:05","guid":{"rendered":"https:\/\/theglacierstudio.com\/?page_id=3598"},"modified":"2025-02-26T16:46:48","modified_gmt":"2025-02-26T15:46:48","slug":"interactive-videos-2","status":"publish","type":"page","link":"https:\/\/theglacierstudio.com\/sl\/interactive-videos-2\/","title":{"rendered":"Interaktivni videi"},"content":{"rendered":"<div class=\"wpb-content-wrapper\"><div class=\"vc_row wpb_row vc_row-fluid\"><div class=\"wpb_column vc_column_container vc_col-sm-12 sc_layouts_column_icons_position_left\"><div class=\"vc_column-inner\"><div class=\"wpb_wrapper\"><div id=\"sc_title_216594325\"\n\t\tclass=\"sc_title color_style_default sc_title_default\"><h3 class=\"sc_item_title sc_title_title sc_align_center sc_item_title_style_default\">Interactive Media<\/h3><div class=\"sc_item_descr sc_title_descr sc_align_center\"><p class=\"translation-block\">Na\u0161a storitev interaktivnih videjev in animacij nudi edinstvene in privla\u010dne vsebine, ki navdu\u0161ijo va\u0161e ob\u010dinstvo. S pomo\u010djo interaktivnih elementov pove\u010dujemo vklju\u010denost gledalcev, kar vodi do ve\u010dje pozornosti in bolj\u0161ega zadr\u017eevanja informacij. Uporabnikom omogo\u010damo personalizirano izku\u0161njo, saj lahko prilagodijo vsebino svojim interesom.\nNa\u0161a re\u0161itev vklju\u010duje:\n\u2022\tRazvejane zgodbe, ki omogo\u010dajo gledalcem, da sprejemajo odlo\u010ditve, ki vplivajo na potek zgodbe.\n\u2022\tKvize in ocenjevanja, ki preverjajo razumevanje in vklju\u010dujejo gledalce.\n\u2022\tInteraktivno raziskovanje, kar spodbuja aktivno odkrivanje dodatnih informacij.\nZ na\u0161imi interaktivnimi vsebinami boste lahko izbolj\u0161ali u\u010dne procese in ustvarili nepozabno izku\u0161njo za va\u0161e strokovno ob\u010dinstvo.<\/p>\n<\/div><\/div><!-- \/.sc_title --><div class=\"vc_empty_space  height_medium\"   style=\"height: 32px\"><span class=\"vc_empty_space_inner\"><\/span><\/div><\/div><\/div><\/div><div class=\"wpb_column vc_column_container vc_col-sm-12 sc_layouts_column_icons_position_left\"><div class=\"vc_column-inner\"><div class=\"wpb_wrapper\"><div id=\"widget_recent_news_1374733758\" class=\"sc_recent_news sc_recent_news_style_news-magazine sc_recent_news_with_accented\"><article \n\tclass=\"post_item post_layout_news-magazine post_format_video post_accented_on post_accented_border post-193 post type-post status-publish format-video has-post-thumbnail hentry category-interactive_ post_format-post-format-video\"\t\t>\n\n\t<div class=\"post_featured with_thumb hover_play\"><img fetchpriority=\"high\" decoding=\"async\" width=\"770\" height=\"470\" src=\"https:\/\/theglacierstudio.com\/wp-content\/uploads\/2017\/05\/Tam_Europe_Web_Pic_-770x470.png\" class=\"attachment-drone_media-thumb-big size-drone_media-thumb-big wp-post-image\" alt=\"\" srcset=\"https:\/\/theglacierstudio.com\/wp-content\/uploads\/2017\/05\/Tam_Europe_Web_Pic_-770x470.png 770w, https:\/\/theglacierstudio.com\/wp-content\/uploads\/2017\/05\/Tam_Europe_Web_Pic_-18x10.png 18w, https:\/\/theglacierstudio.com\/wp-content\/uploads\/2017\/05\/Tam_Europe_Web_Pic_-1540x940.png 1540w\" sizes=\"(max-width: 770px) 100vw, 770px\" \/><div class=\"mask\"><\/div><div class=\"post_video_hover\" data-video=\"&lt;iframe style=&quot;width: 760px; height: 480px; border: 0;&quot; src=&quot;https:\/\/app.screencast.com\/HWxy7jBAtWYn9\/e?autoplay=1&quot; frameborder=&quot;0&quot; scrolling=&quot;no&quot; allowfullscreen=&quot;allowfullscreen&quot;&gt;&lt;\/iframe&gt;\"><\/div><div class=\"post_video video_frame\"><\/div><\/div>\t\t<div class=\"post_header entry-header\">\n\t\t\t<h4 class=\"post_title entry-title\"><a href=\"https:\/\/theglacierstudio.com\/sl\/bus-company\/\" rel=\"bookmark\">Tam Europe<\/a><\/h4>\t\t<\/div><!-- .entry-header -->\n\t\t<\/article><article \n\tclass=\"post_item post_layout_news-magazine post_format_video post_accented_on post_accented_border post-3793 post type-post status-publish format-video has-post-thumbnail hentry category-interactive_ post_format-post-format-video\"\t\t>\n\n\t<div class=\"post_featured with_thumb hover_play\"><img decoding=\"async\" width=\"770\" height=\"470\" src=\"https:\/\/theglacierstudio.com\/wp-content\/uploads\/2025\/02\/Screenshot-2025-02-26-164432-770x470.png\" class=\"attachment-drone_media-thumb-big size-drone_media-thumb-big wp-post-image\" alt=\"\" srcset=\"https:\/\/theglacierstudio.com\/wp-content\/uploads\/2025\/02\/Screenshot-2025-02-26-164432-770x470.png 770w, https:\/\/theglacierstudio.com\/wp-content\/uploads\/2025\/02\/Screenshot-2025-02-26-164432-18x10.png 18w\" sizes=\"(max-width: 770px) 100vw, 770px\" \/><div class=\"mask\"><\/div><div class=\"post_video_hover\" data-video=\"&lt;iframe style=&quot;width: 760px; height: 480px; border: 0;&quot; src=&quot;https:\/\/app.screencast.com\/vCi8g7saOzRLF\/e?autoplay=1&quot; frameborder=&quot;0&quot; scrolling=&quot;no&quot; allowfullscreen=&quot;allowfullscreen&quot;&gt;&lt;\/iframe&gt;\"><\/div><div class=\"post_video video_frame\"><\/div><\/div>\t\t<div class=\"post_header entry-header\">\n\t\t\t<h4 class=\"post_title entry-title\"><a href=\"https:\/\/theglacierstudio.com\/sl\/turisticna-kmetija\/\" rel=\"bookmark\">Turisti\u010dna kmetija<\/a><\/h4>\t\t<\/div><!-- .entry-header -->\n\t\t<\/article><\/div><!-- \/.sc_recent_news --><\/div><\/div><\/div><\/div><div class=\"vc_row wpb_row vc_row-fluid\"><div class=\"wpb_column vc_column_container vc_col-sm-12 sc_layouts_column_icons_position_left\"><div class=\"vc_column-inner\"><div class=\"wpb_wrapper\"><div class=\"vc_empty_space  height_tiny\"   style=\"height: 32px\"><span class=\"vc_empty_space_inner\"><\/span><\/div><\/div><\/div><\/div><\/div>\n<\/div>","protected":false},"excerpt":{"rendered":"We present a test interactive video of rural tourism thatallows visitors to actively engage in exploring the content. The video combinesauthentic stories of rural life with interactive features, enabling users topersonalize their experience. With this video, we aim to promote rural tourismand encourage visitors to participate in local activities.","protected":false},"author":1,"featured_media":0,"parent":0,"menu_order":0,"comment_status":"closed","ping_status":"closed","template":"","meta":{"inline_featured_image":false,"footnotes":""},"class_list":["post-3598","page","type-page","status-publish","hentry"],"yoast_head":"<!-- This site is optimized with the Yoast SEO plugin v27.5 - https:\/\/yoast.com\/product\/yoast-seo-wordpress\/ -->\n<title>Interactive Videos - Glacier Studio<\/title>\n<meta name=\"robots\" content=\"index, follow, max-snippet:-1, max-image-preview:large, max-video-preview:-1\" \/>\n<link rel=\"canonical\" href=\"https:\/\/theglacierstudio.com\/sl\/interactive-videos-2\/\" \/>\n<meta property=\"og:locale\" content=\"sl_SI\" \/>\n<meta property=\"og:type\" content=\"article\" \/>\n<meta property=\"og:title\" content=\"Interactive Videos - Glacier Studio\" \/>\n<meta property=\"og:url\" content=\"https:\/\/theglacierstudio.com\/sl\/interactive-videos-2\/\" \/>\n<meta property=\"og:site_name\" content=\"Glacier Studio\" \/>\n<meta property=\"article:modified_time\" content=\"2025-02-26T15:46:48+00:00\" \/>\n<meta name=\"twitter:card\" content=\"summary_large_image\" \/>\n<meta name=\"twitter:label1\" content=\"Est. reading time\" \/>\n\t<meta name=\"twitter:data1\" content=\"1 minuta\" \/>\n<script type=\"application\/ld+json\" class=\"yoast-schema-graph\">{\"@context\":\"https:\\\/\\\/schema.org\",\"@graph\":[{\"@type\":\"WebPage\",\"@id\":\"https:\\\/\\\/theglacierstudio.com\\\/interactive-videos-2\\\/\",\"url\":\"https:\\\/\\\/theglacierstudio.com\\\/interactive-videos-2\\\/\",\"name\":\"Interactive Videos - Glacier Studio\",\"isPartOf\":{\"@id\":\"https:\\\/\\\/theglacierstudio.com\\\/#website\"},\"datePublished\":\"2024-08-08T05:14:05+00:00\",\"dateModified\":\"2025-02-26T15:46:48+00:00\",\"breadcrumb\":{\"@id\":\"https:\\\/\\\/theglacierstudio.com\\\/interactive-videos-2\\\/#breadcrumb\"},\"inLanguage\":\"sl-SI\",\"potentialAction\":[{\"@type\":\"ReadAction\",\"target\":[\"https:\\\/\\\/theglacierstudio.com\\\/interactive-videos-2\\\/\"]}]},{\"@type\":\"BreadcrumbList\",\"@id\":\"https:\\\/\\\/theglacierstudio.com\\\/interactive-videos-2\\\/#breadcrumb\",\"itemListElement\":[{\"@type\":\"ListItem\",\"position\":1,\"name\":\"Home\",\"item\":\"https:\\\/\\\/theglacierstudio.com\\\/\"},{\"@type\":\"ListItem\",\"position\":2,\"name\":\"Interactive Videos\"}]},{\"@type\":\"WebSite\",\"@id\":\"https:\\\/\\\/theglacierstudio.com\\\/#website\",\"url\":\"https:\\\/\\\/theglacierstudio.com\\\/\",\"name\":\"Glacier Studio\",\"description\":\"Animating Imagination &amp; Crafting Innovation\",\"publisher\":{\"@id\":\"https:\\\/\\\/theglacierstudio.com\\\/#organization\"},\"potentialAction\":[{\"@type\":\"SearchAction\",\"target\":{\"@type\":\"EntryPoint\",\"urlTemplate\":\"https:\\\/\\\/theglacierstudio.com\\\/?s={search_term_string}\"},\"query-input\":{\"@type\":\"PropertyValueSpecification\",\"valueRequired\":true,\"valueName\":\"search_term_string\"}}],\"inLanguage\":\"sl-SI\"},{\"@type\":\"Organization\",\"@id\":\"https:\\\/\\\/theglacierstudio.com\\\/#organization\",\"name\":\"Glacier Studio\",\"url\":\"https:\\\/\\\/theglacierstudio.com\\\/\",\"logo\":{\"@type\":\"ImageObject\",\"inLanguage\":\"sl-SI\",\"@id\":\"https:\\\/\\\/theglacierstudio.com\\\/#\\\/schema\\\/logo\\\/image\\\/\",\"url\":\"https:\\\/\\\/theglacierstudio.com\\\/wp-content\\\/uploads\\\/2024\\\/05\\\/Glacier-Studio-logo-blue2_Podpis_3.png\",\"contentUrl\":\"https:\\\/\\\/theglacierstudio.com\\\/wp-content\\\/uploads\\\/2024\\\/05\\\/Glacier-Studio-logo-blue2_Podpis_3.png\",\"width\":427,\"height\":109,\"caption\":\"Glacier Studio\"},\"image\":{\"@id\":\"https:\\\/\\\/theglacierstudio.com\\\/#\\\/schema\\\/logo\\\/image\\\/\"}}]}<\/script>\n<!-- \/ Yoast SEO plugin. -->","yoast_head_json":{"title":"Interactive Videos - Glacier Studio","robots":{"index":"index","follow":"follow","max-snippet":"max-snippet:-1","max-image-preview":"max-image-preview:large","max-video-preview":"max-video-preview:-1"},"canonical":"https:\/\/theglacierstudio.com\/sl\/interactive-videos-2\/","og_locale":"sl_SI","og_type":"article","og_title":"Interactive Videos - Glacier Studio","og_url":"https:\/\/theglacierstudio.com\/sl\/interactive-videos-2\/","og_site_name":"Glacier Studio","article_modified_time":"2025-02-26T15:46:48+00:00","twitter_card":"summary_large_image","twitter_misc":{"Est. reading time":"1 minuta"},"schema":{"@context":"https:\/\/schema.org","@graph":[{"@type":"WebPage","@id":"https:\/\/theglacierstudio.com\/interactive-videos-2\/","url":"https:\/\/theglacierstudio.com\/interactive-videos-2\/","name":"Interactive Videos - Glacier Studio","isPartOf":{"@id":"https:\/\/theglacierstudio.com\/#website"},"datePublished":"2024-08-08T05:14:05+00:00","dateModified":"2025-02-26T15:46:48+00:00","breadcrumb":{"@id":"https:\/\/theglacierstudio.com\/interactive-videos-2\/#breadcrumb"},"inLanguage":"sl-SI","potentialAction":[{"@type":"ReadAction","target":["https:\/\/theglacierstudio.com\/interactive-videos-2\/"]}]},{"@type":"BreadcrumbList","@id":"https:\/\/theglacierstudio.com\/interactive-videos-2\/#breadcrumb","itemListElement":[{"@type":"ListItem","position":1,"name":"Home","item":"https:\/\/theglacierstudio.com\/"},{"@type":"ListItem","position":2,"name":"Interactive Videos"}]},{"@type":"WebSite","@id":"https:\/\/theglacierstudio.com\/#website","url":"https:\/\/theglacierstudio.com\/","name":"Glacier Studio","description":"Animating Imagination &amp; Crafting Innovation","publisher":{"@id":"https:\/\/theglacierstudio.com\/#organization"},"potentialAction":[{"@type":"SearchAction","target":{"@type":"EntryPoint","urlTemplate":"https:\/\/theglacierstudio.com\/?s={search_term_string}"},"query-input":{"@type":"PropertyValueSpecification","valueRequired":true,"valueName":"search_term_string"}}],"inLanguage":"sl-SI"},{"@type":"Organization","@id":"https:\/\/theglacierstudio.com\/#organization","name":"Glacier Studio","url":"https:\/\/theglacierstudio.com\/","logo":{"@type":"ImageObject","inLanguage":"sl-SI","@id":"https:\/\/theglacierstudio.com\/#\/schema\/logo\/image\/","url":"https:\/\/theglacierstudio.com\/wp-content\/uploads\/2024\/05\/Glacier-Studio-logo-blue2_Podpis_3.png","contentUrl":"https:\/\/theglacierstudio.com\/wp-content\/uploads\/2024\/05\/Glacier-Studio-logo-blue2_Podpis_3.png","width":427,"height":109,"caption":"Glacier Studio"},"image":{"@id":"https:\/\/theglacierstudio.com\/#\/schema\/logo\/image\/"}}]}},"_links":{"self":[{"href":"https:\/\/theglacierstudio.com\/sl\/wp-json\/wp\/v2\/pages\/3598","targetHints":{"allow":["GET"]}}],"collection":[{"href":"https:\/\/theglacierstudio.com\/sl\/wp-json\/wp\/v2\/pages"}],"about":[{"href":"https:\/\/theglacierstudio.com\/sl\/wp-json\/wp\/v2\/types\/page"}],"author":[{"embeddable":true,"href":"https:\/\/theglacierstudio.com\/sl\/wp-json\/wp\/v2\/users\/1"}],"replies":[{"embeddable":true,"href":"https:\/\/theglacierstudio.com\/sl\/wp-json\/wp\/v2\/comments?post=3598"}],"version-history":[{"count":9,"href":"https:\/\/theglacierstudio.com\/sl\/wp-json\/wp\/v2\/pages\/3598\/revisions"}],"predecessor-version":[{"id":3796,"href":"https:\/\/theglacierstudio.com\/sl\/wp-json\/wp\/v2\/pages\/3598\/revisions\/3796"}],"wp:attachment":[{"href":"https:\/\/theglacierstudio.com\/sl\/wp-json\/wp\/v2\/media?parent=3598"}],"curies":[{"name":"wp","href":"https:\/\/api.w.org\/{rel}","templated":true}]}}