{"id":841,"date":"2019-07-26T10:54:53","date_gmt":"2019-07-26T10:54:53","guid":{"rendered":"https:\/\/theglacierstudio.com\/?page_id=841"},"modified":"2025-02-14T15:45:58","modified_gmt":"2025-02-14T14:45:58","slug":"service-plus","status":"publish","type":"page","link":"https:\/\/theglacierstudio.com\/sl\/service-plus\/","title":{"rendered":"Delux storitve"},"content":{"rendered":"<div class=\"wpb-content-wrapper\"><div class=\"vc_row wpb_row vc_row-fluid\"><div class=\"wpb_column vc_column_container vc_col-sm-12 sc_layouts_column_icons_position_left\"><div class=\"vc_column-inner\"><div class=\"wpb_wrapper\">\n\t<div class=\"wpb_text_column wpb_content_element\" >\n\t\t<div class=\"wpb_wrapper\">\n\t\t\t<h2>Dear Customers<\/h2>\n<p>Nudimo \u0161irok spekter mo\u017enosti, prilagojenih potrebam na\u0161ih strank, da skupaj ustvarimo visoko kakovost. Poleg tega ponujamo tri razli\u010dne pakete, ki pribli\u017eno ozna\u010dujejo ceno, \u010deprav se lahko kon\u010dni stro\u0161ki razlikujejo glede na zahteve stranke in kompleksnost projekta. Za naro\u010dnike, s katerimi sodelujemo prvi\u010d pa ponujamo 50% popust na vse storitve.<\/p>\n\n\t\t<\/div>\n\t<\/div>\n<div class=\"vc_separator wpb_content_element vc_separator_align_center vc_sep_width_100 vc_sep_dashed vc_sep_pos_align_center vc_separator_no_text vc_sep_color_grey wpb_content_element  wpb_content_element\" ><span class=\"vc_sep_holder vc_sep_holder_l\"><span class=\"vc_sep_line\"><\/span><\/span><span class=\"vc_sep_holder vc_sep_holder_r\"><span class=\"vc_sep_line\"><\/span><\/span>\n<\/div><\/div><\/div><\/div><\/div><div class=\"vc_row wpb_row vc_row-fluid\"><div class=\"wpb_column vc_column_container vc_col-sm-12 sc_layouts_column_icons_position_left\"><div class=\"vc_column-inner\"><div class=\"wpb_wrapper\"><div id=\"sc_title_1439787303\"\n\t\tclass=\"sc_title color_style_default sc_title_default\"><h6 class=\"sc_item_subtitle sc_title_subtitle sc_align_center sc_item_title_style_default\">Customization<\/h6><h3 class=\"sc_item_title sc_title_title sc_align_center sc_item_title_style_default\">Paketi<\/h3><\/div><!-- \/.sc_title --><div class=\"vc_empty_space  height_medium\"   style=\"height: 0px\"><span class=\"vc_empty_space_inner\"><\/span><\/div><div  id=\"sc_price_2135598787\" \n\tclass=\"sc_price color_style_default sc_price_default\"><div class=\"sc_price_columns_wrap sc_item_columns trx_addons_columns_wrap columns_padding_bottom\"><div class=\"trx_addons_column-1_3\"><div class=\"sc_price_item sc_price_item_default\">\n\t\t\t<div class=\"sc_price_item_info\"><h6 class=\"sc_price_item_subtitle\"><span>Za\u010detni<\/span><\/h6><h3 class=\"sc_price_item_title\"><span>Oblikovanje logotipov - njihovo spremembo ter 3D pretvorbo &amp; kratko animacijo.<\/span><\/h3><div class=\"sc_price_item_price\"><span class=\"sc_price_item_price_before\">\u20ac<\/span><span class=\"sc_price_item_price_value\">300<\/span><\/div><div class=\"sc_price_item_details\"><ul class=\"trx_addons_list trx_addons_list_square\" style=\"text-align:left\">\n<li>Ustvarimo - pretvorimo va\u0161 logo v 3D ali ga izbolj\u0161amo. Vklju\u010dena je kratka 10-sekundna animacija za va\u0161 logo.<\/li>\n<li>Ali obnovimo va\u0161 logo ali ga personaliziramo, odvisno od va\u0161ih \u017eelja.<\/li>\n<\/ul><\/div><\/div><!-- \/.sc_price_item_info --><\/div><\/div><div class=\"trx_addons_column-1_3\"><div class=\"sc_price_item sc_price_item_default\">\n\t\t\t<div class=\"sc_price_item_info\"><h6 class=\"sc_price_item_subtitle\"><span>Srednji<\/span><\/h6><h3 class=\"sc_price_item_title\"><span>Kratek promocijski video in animacija logotipa<\/span><\/h3><div class=\"sc_price_item_price\"><span class=\"sc_price_item_price_before\">\u20ac<\/span><span class=\"sc_price_item_price_value\">900<\/span><\/div><div class=\"sc_price_item_details\"><ul class=\"trx_addons_list trx_addons_list_square\" style=\"text-align:left\">\n<li>Ustvarimo kratek 1-minutni promocijski video za vas ali va\u0161o podjetje.<\/li>\n<li>Logo rekonstrukcija ali obnova<\/li>\n<li>Kratka animacija 2D<\/li>\n<li>Barvna korekcija va\u0161ega projekta<\/li>\n<li>Kratka 3D animacija logota<\/li>\n<li>Pretvorba logota v 3D <\/li>\n<\/ul><\/div><\/div><!-- \/.sc_price_item_info --><\/div><\/div><div class=\"trx_addons_column-1_3\"><div class=\"sc_price_item sc_price_item_default\">\n\t\t\t<div class=\"sc_price_item_info\"><h6 class=\"sc_price_item_subtitle\"><span>Napredni<\/span><\/h6><h3 class=\"sc_price_item_title\"><span>Interaktivni video ali animacija<\/span><\/h3><div class=\"sc_price_item_price\"><span class=\"sc_price_item_price_before\">\u20ac<\/span><span class=\"sc_price_item_price_value\">3500<\/span><\/div><div class=\"sc_price_item_details\"><ul class=\"trx_addons_list trx_addons_list_square\" style=\"text-align:left\">\n<li>Personalizirani 5 minutni promocijski video<\/li>\n<li>Pretvorba logota iz 2D v 3D<\/li>\n<li>Implementacija interaktivne vsebine<\/li>\n<li>Ustvarimo interaktivni video ter nalo\u017eimo interaktivni video za eno leto ali uredimo samostojni stre\u017enik.<\/li>\n<li>Ali personalizirana animacija <\/li>\n<li>Logo animacija 2D &amp; 3D<\/li>\n<\/ul><\/div><\/div><!-- \/.sc_price_item_info --><\/div><\/div><\/div><\/div><!-- \/.sc_price --><\/div><\/div><\/div><\/div>\n<\/div>","protected":false},"excerpt":{"rendered":"Dear Customers We offer a wide range of choices, tailored to fit our clients' needs, to collaboratively create something of high quality. In addition, we provide 3 different packages that roughly indicate the price, although the final cost may vary depending on the client's requirements and the complexity of the project. CustomizationPackages regularLogo change &amp; Logo animation\u20ac300 We convert your&hellip;","protected":false},"author":1,"featured_media":0,"parent":0,"menu_order":0,"comment_status":"closed","ping_status":"closed","template":"","meta":{"inline_featured_image":false,"footnotes":""},"class_list":["post-841","page","type-page","status-publish","hentry"],"yoast_head":"<!-- This site is optimized with the Yoast SEO plugin v27.5 - https:\/\/yoast.com\/product\/yoast-seo-wordpress\/ -->\n<title>Service Plus - Glacier Studio<\/title>\n<meta name=\"robots\" content=\"index, follow, max-snippet:-1, max-image-preview:large, max-video-preview:-1\" \/>\n<link rel=\"canonical\" href=\"https:\/\/theglacierstudio.com\/sl\/service-plus\/\" \/>\n<meta property=\"og:locale\" content=\"sl_SI\" \/>\n<meta property=\"og:type\" content=\"article\" \/>\n<meta property=\"og:title\" content=\"Service Plus - Glacier Studio\" \/>\n<meta property=\"og:url\" content=\"https:\/\/theglacierstudio.com\/sl\/service-plus\/\" \/>\n<meta property=\"og:site_name\" content=\"Glacier Studio\" \/>\n<meta property=\"article:modified_time\" content=\"2025-02-14T14:45:58+00:00\" \/>\n<meta name=\"twitter:card\" content=\"summary_large_image\" \/>\n<meta name=\"twitter:label1\" content=\"Est. reading time\" \/>\n\t<meta name=\"twitter:data1\" content=\"2 minuti\" \/>\n<script type=\"application\/ld+json\" class=\"yoast-schema-graph\">{\"@context\":\"https:\\\/\\\/schema.org\",\"@graph\":[{\"@type\":\"WebPage\",\"@id\":\"https:\\\/\\\/theglacierstudio.com\\\/service-plus\\\/\",\"url\":\"https:\\\/\\\/theglacierstudio.com\\\/service-plus\\\/\",\"name\":\"Service Plus - Glacier Studio\",\"isPartOf\":{\"@id\":\"https:\\\/\\\/theglacierstudio.com\\\/#website\"},\"datePublished\":\"2019-07-26T10:54:53+00:00\",\"dateModified\":\"2025-02-14T14:45:58+00:00\",\"breadcrumb\":{\"@id\":\"https:\\\/\\\/theglacierstudio.com\\\/service-plus\\\/#breadcrumb\"},\"inLanguage\":\"sl-SI\",\"potentialAction\":[{\"@type\":\"ReadAction\",\"target\":[\"https:\\\/\\\/theglacierstudio.com\\\/service-plus\\\/\"]}]},{\"@type\":\"BreadcrumbList\",\"@id\":\"https:\\\/\\\/theglacierstudio.com\\\/service-plus\\\/#breadcrumb\",\"itemListElement\":[{\"@type\":\"ListItem\",\"position\":1,\"name\":\"Home\",\"item\":\"https:\\\/\\\/theglacierstudio.com\\\/\"},{\"@type\":\"ListItem\",\"position\":2,\"name\":\"Service Plus\"}]},{\"@type\":\"WebSite\",\"@id\":\"https:\\\/\\\/theglacierstudio.com\\\/#website\",\"url\":\"https:\\\/\\\/theglacierstudio.com\\\/\",\"name\":\"Glacier Studio\",\"description\":\"Animating Imagination &amp; Crafting Innovation\",\"publisher\":{\"@id\":\"https:\\\/\\\/theglacierstudio.com\\\/#organization\"},\"potentialAction\":[{\"@type\":\"SearchAction\",\"target\":{\"@type\":\"EntryPoint\",\"urlTemplate\":\"https:\\\/\\\/theglacierstudio.com\\\/?s={search_term_string}\"},\"query-input\":{\"@type\":\"PropertyValueSpecification\",\"valueRequired\":true,\"valueName\":\"search_term_string\"}}],\"inLanguage\":\"sl-SI\"},{\"@type\":\"Organization\",\"@id\":\"https:\\\/\\\/theglacierstudio.com\\\/#organization\",\"name\":\"Glacier Studio\",\"url\":\"https:\\\/\\\/theglacierstudio.com\\\/\",\"logo\":{\"@type\":\"ImageObject\",\"inLanguage\":\"sl-SI\",\"@id\":\"https:\\\/\\\/theglacierstudio.com\\\/#\\\/schema\\\/logo\\\/image\\\/\",\"url\":\"https:\\\/\\\/theglacierstudio.com\\\/wp-content\\\/uploads\\\/2024\\\/05\\\/Glacier-Studio-logo-blue2_Podpis_3.png\",\"contentUrl\":\"https:\\\/\\\/theglacierstudio.com\\\/wp-content\\\/uploads\\\/2024\\\/05\\\/Glacier-Studio-logo-blue2_Podpis_3.png\",\"width\":427,\"height\":109,\"caption\":\"Glacier Studio\"},\"image\":{\"@id\":\"https:\\\/\\\/theglacierstudio.com\\\/#\\\/schema\\\/logo\\\/image\\\/\"}}]}<\/script>\n<!-- \/ Yoast SEO plugin. -->","yoast_head_json":{"title":"Service Plus - Glacier Studio","robots":{"index":"index","follow":"follow","max-snippet":"max-snippet:-1","max-image-preview":"max-image-preview:large","max-video-preview":"max-video-preview:-1"},"canonical":"https:\/\/theglacierstudio.com\/sl\/service-plus\/","og_locale":"sl_SI","og_type":"article","og_title":"Service Plus - Glacier Studio","og_url":"https:\/\/theglacierstudio.com\/sl\/service-plus\/","og_site_name":"Glacier Studio","article_modified_time":"2025-02-14T14:45:58+00:00","twitter_card":"summary_large_image","twitter_misc":{"Est. reading time":"2 minuti"},"schema":{"@context":"https:\/\/schema.org","@graph":[{"@type":"WebPage","@id":"https:\/\/theglacierstudio.com\/service-plus\/","url":"https:\/\/theglacierstudio.com\/service-plus\/","name":"Service Plus - Glacier Studio","isPartOf":{"@id":"https:\/\/theglacierstudio.com\/#website"},"datePublished":"2019-07-26T10:54:53+00:00","dateModified":"2025-02-14T14:45:58+00:00","breadcrumb":{"@id":"https:\/\/theglacierstudio.com\/service-plus\/#breadcrumb"},"inLanguage":"sl-SI","potentialAction":[{"@type":"ReadAction","target":["https:\/\/theglacierstudio.com\/service-plus\/"]}]},{"@type":"BreadcrumbList","@id":"https:\/\/theglacierstudio.com\/service-plus\/#breadcrumb","itemListElement":[{"@type":"ListItem","position":1,"name":"Home","item":"https:\/\/theglacierstudio.com\/"},{"@type":"ListItem","position":2,"name":"Service Plus"}]},{"@type":"WebSite","@id":"https:\/\/theglacierstudio.com\/#website","url":"https:\/\/theglacierstudio.com\/","name":"Glacier Studio","description":"Animating Imagination &amp; Crafting Innovation","publisher":{"@id":"https:\/\/theglacierstudio.com\/#organization"},"potentialAction":[{"@type":"SearchAction","target":{"@type":"EntryPoint","urlTemplate":"https:\/\/theglacierstudio.com\/?s={search_term_string}"},"query-input":{"@type":"PropertyValueSpecification","valueRequired":true,"valueName":"search_term_string"}}],"inLanguage":"sl-SI"},{"@type":"Organization","@id":"https:\/\/theglacierstudio.com\/#organization","name":"Glacier Studio","url":"https:\/\/theglacierstudio.com\/","logo":{"@type":"ImageObject","inLanguage":"sl-SI","@id":"https:\/\/theglacierstudio.com\/#\/schema\/logo\/image\/","url":"https:\/\/theglacierstudio.com\/wp-content\/uploads\/2024\/05\/Glacier-Studio-logo-blue2_Podpis_3.png","contentUrl":"https:\/\/theglacierstudio.com\/wp-content\/uploads\/2024\/05\/Glacier-Studio-logo-blue2_Podpis_3.png","width":427,"height":109,"caption":"Glacier Studio"},"image":{"@id":"https:\/\/theglacierstudio.com\/#\/schema\/logo\/image\/"}}]}},"_links":{"self":[{"href":"https:\/\/theglacierstudio.com\/sl\/wp-json\/wp\/v2\/pages\/841","targetHints":{"allow":["GET"]}}],"collection":[{"href":"https:\/\/theglacierstudio.com\/sl\/wp-json\/wp\/v2\/pages"}],"about":[{"href":"https:\/\/theglacierstudio.com\/sl\/wp-json\/wp\/v2\/types\/page"}],"author":[{"embeddable":true,"href":"https:\/\/theglacierstudio.com\/sl\/wp-json\/wp\/v2\/users\/1"}],"replies":[{"embeddable":true,"href":"https:\/\/theglacierstudio.com\/sl\/wp-json\/wp\/v2\/comments?post=841"}],"version-history":[{"count":8,"href":"https:\/\/theglacierstudio.com\/sl\/wp-json\/wp\/v2\/pages\/841\/revisions"}],"predecessor-version":[{"id":3783,"href":"https:\/\/theglacierstudio.com\/sl\/wp-json\/wp\/v2\/pages\/841\/revisions\/3783"}],"wp:attachment":[{"href":"https:\/\/theglacierstudio.com\/sl\/wp-json\/wp\/v2\/media?parent=841"}],"curies":[{"name":"wp","href":"https:\/\/api.w.org\/{rel}","templated":true}]}}